{"id":124,"date":"2026-02-19T14:07:50","date_gmt":"2026-02-19T14:07:50","guid":{"rendered":"https:\/\/baumpflege-hauser.at\/?page_id=124"},"modified":"2026-02-19T14:14:56","modified_gmt":"2026-02-19T14:14:56","slug":"impressum","status":"publish","type":"page","link":"https:\/\/baumpflege-hauser.at\/?page_id=124","title":{"rendered":"Impressum"},"content":{"rendered":"\n<p><\/p>\n\n\n\n<p>Kleinunternehmen<\/p>\n\n\n\n<h2 class=\"wp-block-heading\">Sonja Hauser B.A.<\/h2>\n\n\n\n<figure class=\"wp-block-table\"><table class=\"has-fixed-layout\"><tbody><tr><td>Telefon:<\/td><td> +43 664 418 76 69<\/td><\/tr><tr><td>Email:<\/td><td> <u><a href=\"mailto:info@baumpflege-hauser.at\">info@baumpflege-hauser.at<\/a><\/u><\/td><\/tr><tr><td>Adresse: <\/td><td>Klamm 53<br>3053 Brand-Laaben<br>\u00d6sterreich<\/td><\/tr><\/tbody><\/table><\/figure>\n\n\n\n<p>Mitglied der WK\u00d6 und der Landesinnung der G\u00e4rtner<\/p>\n\n\n\n<p>Gewerbeordnung: <a href=\"http:\/\/www.ris.bka.gv.at\">www.ris.bka.gv.at<\/a><\/p>\n\n\n\n<p>Bezirkshauptmannschaft St.P\u00f6lten <\/p>\n","protected":false},"excerpt":{"rendered":"<p>Kleinunternehmen Sonja Hauser B.A. Telefon: +43 664 418 76 69 Email: info@baumpflege-hauser.at Adresse: Klamm 533053 Brand-Laaben\u00d6sterreich Mitglied der WK\u00d6 und der Landesinnung der G\u00e4rtner Gewerbeordnung: www.ris.bka.gv.at Bezirkshauptmannschaft St.P\u00f6lten<\/p>\n","protected":false},"author":1,"featured_media":0,"parent":0,"menu_order":0,"comment_status":"closed","ping_status":"closed","template":"","meta":{"footnotes":""},"class_list":["post-124","page","type-page","status-publish","hentry"],"_links":{"self":[{"href":"https:\/\/baumpflege-hauser.at\/index.php?rest_route=\/wp\/v2\/pages\/124","targetHints":{"allow":["GET"]}}],"collection":[{"href":"https:\/\/baumpflege-hauser.at\/index.php?rest_route=\/wp\/v2\/pages"}],"about":[{"href":"https:\/\/baumpflege-hauser.at\/index.php?rest_route=\/wp\/v2\/types\/page"}],"author":[{"embeddable":true,"href":"https:\/\/baumpflege-hauser.at\/index.php?rest_route=\/wp\/v2\/users\/1"}],"replies":[{"embeddable":true,"href":"https:\/\/baumpflege-hauser.at\/index.php?rest_route=%2Fwp%2Fv2%2Fcomments&post=124"}],"version-history":[{"count":2,"href":"https:\/\/baumpflege-hauser.at\/index.php?rest_route=\/wp\/v2\/pages\/124\/revisions"}],"predecessor-version":[{"id":127,"href":"https:\/\/baumpflege-hauser.at\/index.php?rest_route=\/wp\/v2\/pages\/124\/revisions\/127"}],"wp:attachment":[{"href":"https:\/\/baumpflege-hauser.at\/index.php?rest_route=%2Fwp%2Fv2%2Fmedia&parent=124"}],"curies":[{"name":"wp","href":"https:\/\/api.w.org\/{rel}","templated":true}]}}